{"id":7,"date":"2019-12-09T11:57:45","date_gmt":"2019-12-09T11:57:45","guid":{"rendered":"http:\/\/horizonteweb.de\/?page_id=7"},"modified":"2019-12-09T11:58:18","modified_gmt":"2019-12-09T11:58:18","slug":"kinderrechte","status":"publish","type":"page","link":"https:\/\/horizonteweb.de\/?page_id=7","title":{"rendered":"Kinderrechte"},"content":{"rendered":"\n<h1 class=\"wp-block-heading\"><strong>Kinderrechte: M\u00e4dchen und Jungen sch\u00fctzen, st\u00e4rken und beteiligen!<\/strong><\/h1>\n\n\n\n<p>Kinder\n haben ganz besondere Rechte. Etwa das Recht auf Bildung, auf \ngewaltfreie Erziehung, auf sofortige Hilfe in Katastrophenf\u00e4llen \u2013 und \nauf Freizeit und Erholung. 1989 hat die Generalversammlung der Vereinten\n Nationen die UN-Kinderrechtskonvention verabschiedet \u2013 und damit \nv\u00f6lkerrechtlich festgelegt: Kinder sind keine kleinen Erwachsenen, \nsondern Menschen, die besonderen Schutz, besondere F\u00f6rderung und \nbesondere Beteiligung brauchen. Kindsein gilt bis14 Jahre, danach ist \nman Jugendliche-r.<br><\/p>\n\n\n\n<p>Alle Staaten der Welt &#8211; au\u00dfer dem S\u00fcd-Sudan, Somalia und den USA!!\n &#8211;&nbsp; haben das Dokument ratifiziert. Damit haben sie sich verpflichtet, \ndie Kinderrechte in ihrem Land umzusetzen, um M\u00e4dchen und Jungen ein \nkindgerechtes Leben zu erm\u00f6glichen. Genau diese Umsetzung ist aber noch \neine riesige Aufgabe. Denn weiterhin leben eine Milliarde M\u00e4dchen und \nJungen in Armut, sind rund 115 Millionen unter gef\u00e4hrlichen Bedingungen \nals Kinderarbeiter besch\u00e4ftigt. Mehr als 171 Millionen werden \nausgebeutet, \u00fcber 200.000 in Kriegen und Konflikten als Kindersoldaten \neingesetzt. Berichte \u00fcber Verletzungen der Kinderrechte sind an der \nTagesordnung, \u00fcberall auf der Welt.<\/p>\n\n\n\n<p>Wir\n achten bei unseren Aktionen auch auf die Kinderrechte. Wir veranstalten\n Projekte, die Kinder st\u00e4rken sollen: Bildung, Ausbildung, \nVerantwortlichkeit, gesunde Ern\u00e4hrung, k\u00f6rperliche Fitness.<\/p>\n\n\n\n<p>Grundlegende Informationen bei Wikipedia und insbesondere bei <strong><a href=\"http:\/\/www.unicef.de\">www.unicef.de<\/a><\/strong><\/p>\n\n\n\n<p>dem Kinderhilfswerk der Vereinten Nationen<\/p>\n\n\n\n<p>Bei folgenden Kinder-Hilfs-Organisationen gibt es noch viele weitere n\u00fctzliche Informationen:<\/p>\n\n\n\n<p><a href=\"http:\/\/www.kinderrechte.de\/\">http:\/\/www.kinderrechte.de &nbsp; &nbsp;&nbsp; Deutsches Kinderhilfswerk<\/a><\/p>\n\n\n\n<p><a href=\"http:\/\/www.humanium.org\">www.humanium.org<\/a><\/p>\n\n\n\n<p><a href=\"http:\/\/www.kinderhilfe.de\">www.kindernothilfe.de<\/a><\/p>\n\n\n\n<p><a href=\"http:\/\/www.vision.de\">www.vision.de<\/a><\/p>\n","protected":false},"excerpt":{"rendered":"<p>Kinderrechte: M\u00e4dchen und Jungen sch\u00fctzen, st\u00e4rken und beteiligen! Kinder haben ganz besondere Rechte. Etwa das Recht auf Bildung, auf gewaltfreie<\/p>\n","protected":false},"author":1,"featured_media":0,"parent":0,"menu_order":4,"comment_status":"closed","ping_status":"closed","template":"","meta":{"footnotes":""},"_links":{"self":[{"href":"https:\/\/horizonteweb.de\/index.php?rest_route=\/wp\/v2\/pages\/7"}],"collection":[{"href":"https:\/\/horizonteweb.de\/index.php?rest_route=\/wp\/v2\/pages"}],"about":[{"href":"https:\/\/horizonteweb.de\/index.php?rest_route=\/wp\/v2\/types\/page"}],"author":[{"embeddable":true,"href":"https:\/\/horizonteweb.de\/index.php?rest_route=\/wp\/v2\/users\/1"}],"replies":[{"embeddable":true,"href":"https:\/\/horizonteweb.de\/index.php?rest_route=%2Fwp%2Fv2%2Fcomments&post=7"}],"version-history":[{"count":1,"href":"https:\/\/horizonteweb.de\/index.php?rest_route=\/wp\/v2\/pages\/7\/revisions"}],"predecessor-version":[{"id":8,"href":"https:\/\/horizonteweb.de\/index.php?rest_route=\/wp\/v2\/pages\/7\/revisions\/8"}],"wp:attachment":[{"href":"https:\/\/horizonteweb.de\/index.php?rest_route=%2Fwp%2Fv2%2Fmedia&parent=7"}],"curies":[{"name":"wp","href":"https:\/\/api.w.org\/{rel}","templated":true}]}}