{"id":19,"date":"2019-12-09T12:26:03","date_gmt":"2019-12-09T12:26:03","guid":{"rendered":"http:\/\/horizonteweb.de\/?page_id=19"},"modified":"2025-01-19T13:23:08","modified_gmt":"2025-01-19T13:23:08","slug":"impressum","status":"publish","type":"page","link":"https:\/\/horizonteweb.de\/?page_id=19","title":{"rendered":"Impressum"},"content":{"rendered":"\n<h2 class=\"wp-block-heading\">Dienstanbieter gem\u00e4\u00df \u00a7 6 TDG:<\/h2>\n\n\n\n<p>Gemeinn\u00fctziger Verein &#8222;Horizonte&#8220; e.V.<br><a href=\"https:\/\/www.google.de\/maps\/place\/%C3%96kostation+Deister-Vorland+e.V.\/@52.3298693,9.4933753,515m\/data=!3m2!1e3!4b1!4m2!3m1!1s0x47b07804ed15c7c9:0x90ff217ecbd85783\" target=\"_blank\" rel=\"noreferrer noopener\">M\u00fcllerweg 8<\/a><br>30890 Barsinghausen OT Gro\u00dfgoltern<\/p>\n\n\n\n<p>Mobil: 0176 &#8211; 5670 4128 <br>eMail: <a href=\"mailto:info@ekomweb.de\">info@horizonteweb.de<\/a><br>Web: <a href=\"http:\/\/www.horizonteweb.de\">www.horizonteweb.de<\/a><\/p>\n\n\n\n<p>Stadtsparkasse Barsinghausen; IBAN: DE 10 2515 1270 0000 192070 &nbsp; &nbsp; &nbsp;&nbsp; BIC: NOLADE21BAH<\/p>\n\n\n\n<p>Finanzamt Hannover Land I&nbsp;&nbsp;&nbsp; SteuerNr.: 23\/137\/05832<\/p>\n\n\n\n<h2 class=\"wp-block-heading\">Haftungsausschluss&nbsp;<\/h2>\n\n\n\n<p>Diese Website wurde mit gr\u00f6\u00dftm\u00f6glicher Sorgfalt zusammengestellt. \nTrotzdem kann der Autor f\u00fcr die Fehlerfreiheit und Genauigkeit der \nenthaltenen Informationen nicht garantieren. Der Autor schlie\u00dft jegliche\n Haftung f\u00fcr Sch\u00e4den, die direkt oder indirekt aus der Benutzung dieser \nWebsite entstehen aus, soweit diese nicht auf Vorsatz oder grober \nFahrl\u00e4ssigkeit vom Autor beruhen.<\/p>\n\n\n\n<h2 class=\"wp-block-heading\">Externe Verweise und Links<\/h2>\n\n\n\n<p>Trotz sorgf\u00e4ltiger inhaltlicher Kontrolle \u00fcbernimmt der Autor dieser \nSeiten keine Haftung f\u00fcr die Inhalte externer Links. F\u00fcr den Inhalt der \nverlinkten Seiten sind ausschlie\u00dflich deren Betreiber verantwortlich.<\/p>\n\n\n\n<h2 class=\"wp-block-heading\">Inhaltlich Verantwortlicher gem\u00e4\u00df \u00a7 6 MDStV:<\/h2>\n\n\n\n<p>Frank Roth<br>M\u00fcllerweg 8<br>30890 Barsinghausen OT Gro\u00dfgoltern<\/p>\n\n\n\n<p>Tel.: 05105 &#8211; 591 36 74 <br>Mobil: 0151 &#8211; 21767661<\/p>\n","protected":false},"excerpt":{"rendered":"<p>Dienstanbieter gem\u00e4\u00df \u00a7 6 TDG: Gemeinn\u00fctziger Verein &#8222;Horizonte&#8220; e.V.M\u00fcllerweg 830890 Barsinghausen OT Gro\u00dfgoltern Mobil: 0176 &#8211; 5670 4128 eMail: info@horizonteweb.deWeb:<\/p>\n","protected":false},"author":1,"featured_media":0,"parent":0,"menu_order":8,"comment_status":"closed","ping_status":"closed","template":"","meta":{"footnotes":""},"_links":{"self":[{"href":"https:\/\/horizonteweb.de\/index.php?rest_route=\/wp\/v2\/pages\/19"}],"collection":[{"href":"https:\/\/horizonteweb.de\/index.php?rest_route=\/wp\/v2\/pages"}],"about":[{"href":"https:\/\/horizonteweb.de\/index.php?rest_route=\/wp\/v2\/types\/page"}],"author":[{"embeddable":true,"href":"https:\/\/horizonteweb.de\/index.php?rest_route=\/wp\/v2\/users\/1"}],"replies":[{"embeddable":true,"href":"https:\/\/horizonteweb.de\/index.php?rest_route=%2Fwp%2Fv2%2Fcomments&post=19"}],"version-history":[{"count":2,"href":"https:\/\/horizonteweb.de\/index.php?rest_route=\/wp\/v2\/pages\/19\/revisions"}],"predecessor-version":[{"id":130,"href":"https:\/\/horizonteweb.de\/index.php?rest_route=\/wp\/v2\/pages\/19\/revisions\/130"}],"wp:attachment":[{"href":"https:\/\/horizonteweb.de\/index.php?rest_route=%2Fwp%2Fv2%2Fmedia&parent=19"}],"curies":[{"name":"wp","href":"https:\/\/api.w.org\/{rel}","templated":true}]}}