{"id":13,"date":"2019-12-09T12:22:42","date_gmt":"2019-12-09T12:22:42","guid":{"rendered":"http:\/\/horizonteweb.de\/?page_id=13"},"modified":"2025-01-19T13:37:21","modified_gmt":"2025-01-19T13:37:21","slug":"chronik","status":"publish","type":"page","link":"https:\/\/horizonteweb.de\/?page_id=13","title":{"rendered":"Chronik"},"content":{"rendered":"\n<figure class=\"wp-block-table is-style-stripes\"><table><tbody><tr><td><strong>2013<\/strong> <\/td><td class=\"has-text-align-left\" data-align=\"left\"><\/td><\/tr><tr><td>17.09. <\/td><td class=\"has-text-align-left\" data-align=\"left\">Gr\u00fcndungsversammlung Verein Horizonte <\/td><\/tr><tr><td>21.11. <\/td><td class=\"has-text-align-left\" data-align=\"left\">Serbischer Abend mit Kinder und Eltern unserer Roma-Familie <\/td><\/tr><tr><td><strong>2014<\/strong> <\/td><td class=\"has-text-align-left\" data-align=\"left\"><\/td><\/tr><tr><td>16.01.<\/td><td class=\"has-text-align-left\" data-align=\"left\">Pakistanischer Abend: Shabir ( 23) berichtet. <\/td><\/tr><tr><td>20.-27.02. <\/td><td class=\"has-text-align-left\" data-align=\"left\">Besuch in Gomel, Belarus, Partnerorganisation ASDEMO&nbsp; <\/td><\/tr><tr><td>21.-23.02.<\/td><td class=\"has-text-align-left\" data-align=\"left\">Seminar der Roma-Jugendlichen <\/td><\/tr><tr><td>16.-18.05.  <\/td><td class=\"has-text-align-left\" data-align=\"left\">Seminar der Roma-Jugendlichen <\/td><\/tr><tr><td>09.10.<\/td><td class=\"has-text-align-left\" data-align=\"left\">Abend \u00fcber Belarus: Perspektiven junger Belarussen <\/td><\/tr><tr><td>22.10. <\/td><td class=\"has-text-align-left\" data-align=\"left\">Georgien-Abend: Diktatorische Strukturen nach dem Umsturz <\/td><\/tr><tr><td>13.11.    <\/td><td class=\"has-text-align-left\" data-align=\"left\">Eritrea-Abend: Abiel (13) berichtet von der Schule mit 60 in einer Klasse &#8230;  <\/td><\/tr><tr><td>13.-16.12.<\/td><td class=\"has-text-align-left\" data-align=\"left\">Besuch beim Roma-Projekt in Bujanovac, S\u00fcdserbien&nbsp; <\/td><\/tr><tr><td>31.12.   <\/td><td class=\"has-text-align-left\" data-align=\"left\">Silvesterfeier f\u00fcr Familien und Unbegleiteten&nbsp;  <\/td><\/tr><tr><td><strong>2015<\/strong> <\/td><td class=\"has-text-align-left\" data-align=\"left\"><\/td><\/tr><tr><td>19.02.<\/td><td class=\"has-text-align-left\" data-align=\"left\">Ein Mensch aus .. Mali <a href=\"http:\/\/horizonteweb.de\/?page_id=11\"><strong>Bilder<\/strong><\/a><\/td><\/tr><tr><td>23.03. <\/td><td class=\"has-text-align-left\" data-align=\"left\">Ein Mensch aus .. Somalia <strong><a href=\"http:\/\/horizonteweb.de\/?page_id=11\">Bilder<\/a><\/strong> <\/td><\/tr><tr><td>28.04.<\/td><td class=\"has-text-align-left\" data-align=\"left\">Ein Mensch aus .. Syrisch Kurdistan <strong><a href=\"http:\/\/horizonteweb.de\/?page_id=11\">Bilder<\/a><\/strong> <\/td><\/tr><tr><td>09.07.    <\/td><td class=\"has-text-align-left\" data-align=\"left\">Unsere gro\u00dfe Fahrradaktion f\u00fcr Asylbewerber beginnt!&nbsp;&nbsp;<strong>Bilder<\/strong> <\/td><\/tr><tr><td>25.09.<\/td><td class=\"has-text-align-left\" data-align=\"left\"><strong>Rotary-Club Bad Nenndorf<\/strong>&nbsp;unterst\u00fctzt die Horizonte-Fahrradwerkstatt&nbsp;mit<br>250\u20ac&nbsp;f\u00fcr Verbrauchsmaterial. &nbsp;&nbsp;<strong>&nbsp; Bilder<\/strong> <\/td><\/tr><tr><td>26.09. <\/td><td class=\"has-text-align-left\" data-align=\"left\">Wir sagen danke! Kleine Demonstration auf dem Thie.<strong>&nbsp;Bilder<\/strong> <\/td><\/tr><tr><td>26.09.  <\/td><td class=\"has-text-align-left\" data-align=\"left\">Baumkundliche&nbsp;<strong>Fahrradtour<\/strong>&nbsp;f\u00fcr Ausl\u00e4ndische Mitb\u00fcrgerInnen&nbsp;<strong>Bilder<\/strong> <\/td><\/tr><tr><td>01.10.<\/td><td class=\"has-text-align-left\" data-align=\"left\"><strong>Balkan &#8211; Sicher! Sicher?<\/strong>&nbsp;Bildervortrag von der j\u00fcngsten Reise nach Bujanovac&nbsp;&nbsp;<strong>Bilder<\/strong> <\/td><\/tr><tr><td>20.11.<\/td><td class=\"has-text-align-left\" data-align=\"left\">Aktion der Firma&nbsp;<strong>Alcoa<\/strong>: 10 MitarbeiterInnen helfen, bringen Fahrr\u00e4der,&nbsp;reparieren, und sagen eine Spende von 3000$ vom Konzern zu!&nbsp;&nbsp;&nbsp;<a href=\"http:\/\/deister-echo.de\/die-firma-alcoa-extrusions-hannover-unterstuetzt-die-fluechtlingsarbeit-auf-der-oekostation-mit-3000-us-dollar\/\">Artikel<\/a> <\/td><\/tr><tr><td>23.11.<\/td><td class=\"has-text-align-left\" data-align=\"left\"><strong>Siegfried-Lehmann-Stiftung<\/strong>:&nbsp;Feierliche Ehrung der Horizonte-Arbeit mit Fl\u00fcchtlingen.&nbsp;Verbunden ist eine finanzielle Unterst\u00fctzung mit 300\u20ac.&nbsp;&nbsp;&nbsp;&nbsp;&nbsp;&nbsp;<a href=\"http:\/\/joomla.horizonteweb.de\/images\/20151125_LKCZ_VP_03.pdf\">Artikel<\/a> <\/td><\/tr><tr><td><strong>2016<\/strong>  <\/td><td class=\"has-text-align-left\" data-align=\"left\"><\/td><\/tr><tr><td>27.01.&nbsp; <\/td><td class=\"has-text-align-left\" data-align=\"left\"><strong>Teilnahme an der Demonstration<\/strong>  gegen Rechtsextremismus und Fremdenhass in Barsinghausen, da Tage  vorher Unbekannte einen Brandanschlag auf das Fl\u00fcchtlingsheim in der  Hannoverschen Stra\u00dfe ver\u00fcbt haben. <\/td><\/tr><tr><td>04.03<\/td><td class=\"has-text-align-left\" data-align=\"left\"><strong>Fr\u00fchlingsfest f\u00fcr junge Asylbewerber<\/strong>  und Deutsche in Kooperation mit der BUND-Jugend. Es gab Fladenbrot und  Suppe zum Essen, Mitmach-Aktionen wie Trommel, Rap und Puppenbau  Workshops und zum Abschluss ein Indonesisches Anklung Konzert.&nbsp; <a href=\"http:\/\/deister-echo.de\/auch-beim-essen-geht-es-multikulturell-zu\/\">Artikel<\/a><\/td><\/tr><tr><td>30.04.  <\/td><td class=\"has-text-align-left\" data-align=\"left\">Das<strong> Albanische Fest <\/strong>war ein gem\u00fctliches  Zusammensein Barsingh\u00e4user Albanischen Familien mit deutschen Freunden  zm Informationsaustausch &#8211; und mit Crepes und B\u00f6rek!  <\/td><\/tr><tr><td>15.05.<\/td><td class=\"has-text-align-left\" data-align=\"left\"><strong>Umziehen mit der Fahrradwerkstatt: <\/strong>Auf  Grund der gro\u00dfen&nbsp; Nachfrage geht die Fahrradwerkstatt weiter. Wir  k\u00f6nnen aber nicht im zentralen Garten der \u00d6kostation bleiben, da nun der  Seminarbetrieb losgeht. Wir verlagern alles in einen Wohnungsgarten auf  der vorderen Seite des Grundst\u00fccks.<\/td><\/tr><tr><td><strong>bis 2022<\/strong><\/td><td class=\"has-text-align-left\" data-align=\"left\"><strong>Fahrradausgabe nur noch am 1. Freitag des Monats<\/strong>, da uns der Nachschub an verkehrst\u00fcchtigen R\u00e4dern fehlt. An allen weiteren Freitagen werden von 13-15 Uhr aber weiterhin Fahrr\u00e4der repariert. Wir bemerken auch einen starken Reparaturbedarf bei schon ausgegebenen R\u00e4dern. Deswegen denken wir \u00fcber Reparaturkurse und eine mobile Fahrradwerkstatt nach.<br><strong>2019 Das Kooperations-Projekt Gem\u00fcseladen &#8222;Mardin<\/strong>&#8211; &#8220; in der Innenstadt von Barsinghausen mussten wir schon wenige Wochen nach der Er\u00f6ffnung Anfang Mai 2019 wieder aufgeben. Finanzielle Projekt-Unterst\u00fctzung wurde nicht gew\u00e4hrt. Der Verein hat sich dann aus dem Projekt zur\u00fcckgezogen. Der Laden mit orientalischen Lebensmitteln wird seitdem privat weitergef\u00fchrt.<br>Fahrradannahme, Reparaturen und Weitergabe an Gefl\u00fcchtete<br><strong>27.05.2022 Abschluss der offiziellen Fahrradaktion<\/strong>: \u00dcber 80 Fahrr\u00e4der konnten an diesem Tag kostenlos weitergegeben werden. Auch ca.15 Kinderr\u00e4dchen wurden einem Kindergarten \u00fcbergeben. Fahrradbastler konnten sich mit reichlich Fahrradteilen versorgen. <br>Insgesamt hatten wir mit unserer Fahrradaktion seit 2015 ungef\u00e4hr 600 Fahrrr\u00e4der abgeholt, durchgesehen und weiterverschenkt. <br>All den ehrenamtlichen Helfern, die zwischenzeitlich mitgearbeitet hatten, sei hiermit herzlich gedankt. Und ohne die gro\u00dfz\u00fcgigen Spenden zu Beginn der Aktion h\u00e4tten wir das viele Reparaturmaterial nicht beschaffen k\u00f6nnen. Auch daf\u00fcr nochmals herzlichen Dank! <br><\/td><\/tr><\/tbody><\/table><\/figure>\n","protected":false},"excerpt":{"rendered":"<p>2013 17.09. Gr\u00fcndungsversammlung Verein Horizonte 21.11. Serbischer Abend mit Kinder und Eltern unserer Roma-Familie 2014 16.01. Pakistanischer Abend: Shabir (<\/p>\n","protected":false},"author":1,"featured_media":0,"parent":0,"menu_order":6,"comment_status":"closed","ping_status":"closed","template":"","meta":{"footnotes":""},"_links":{"self":[{"href":"https:\/\/horizonteweb.de\/index.php?rest_route=\/wp\/v2\/pages\/13"}],"collection":[{"href":"https:\/\/horizonteweb.de\/index.php?rest_route=\/wp\/v2\/pages"}],"about":[{"href":"https:\/\/horizonteweb.de\/index.php?rest_route=\/wp\/v2\/types\/page"}],"author":[{"embeddable":true,"href":"https:\/\/horizonteweb.de\/index.php?rest_route=\/wp\/v2\/users\/1"}],"replies":[{"embeddable":true,"href":"https:\/\/horizonteweb.de\/index.php?rest_route=%2Fwp%2Fv2%2Fcomments&post=13"}],"version-history":[{"count":8,"href":"https:\/\/horizonteweb.de\/index.php?rest_route=\/wp\/v2\/pages\/13\/revisions"}],"predecessor-version":[{"id":133,"href":"https:\/\/horizonteweb.de\/index.php?rest_route=\/wp\/v2\/pages\/13\/revisions\/133"}],"wp:attachment":[{"href":"https:\/\/horizonteweb.de\/index.php?rest_route=%2Fwp%2Fv2%2Fmedia&parent=13"}],"curies":[{"name":"wp","href":"https:\/\/api.w.org\/{rel}","templated":true}]}}